{"id":95,"date":"2023-11-08T12:36:30","date_gmt":"2023-11-08T09:36:30","guid":{"rendered":"https:\/\/macro-glass.com\/?page_id=95"},"modified":"2025-11-05T16:03:11","modified_gmt":"2025-11-05T13:03:11","slug":"hakkimizda","status":"publish","type":"page","link":"https:\/\/macro-glass.com\/index.php\/hakkimizda\/","title":{"rendered":"Hakk\u0131m\u0131zda"},"content":{"rendered":"\t\t<div data-elementor-type=\"wp-page\" data-elementor-id=\"95\" class=\"elementor elementor-95\">\n\t\t\t\t\t\t<section class=\"elementor-section elementor-top-section elementor-element elementor-element-11574ec5 elementor-section-stretched elementor-section-full_width elementor-section-height-default elementor-section-height-default\" data-id=\"11574ec5\" data-element_type=\"section\" data-e-type=\"section\" data-settings=\"{&quot;background_background&quot;:&quot;classic&quot;,&quot;shape_divider_top&quot;:&quot;waves&quot;,&quot;shape_divider_top_negative&quot;:&quot;yes&quot;,&quot;shape_divider_bottom&quot;:&quot;waves&quot;,&quot;shape_divider_bottom_negative&quot;:&quot;yes&quot;,&quot;stretch_section&quot;:&quot;section-stretched&quot;}\">\n\t\t\t\t\t<div class=\"elementor-shape elementor-shape-top\" aria-hidden=\"true\" data-negative=\"true\">\n\t\t\t<svg xmlns=\"http:\/\/www.w3.org\/2000\/svg\" viewBox=\"0 0 1000 100\" preserveAspectRatio=\"none\">\n\t<path class=\"elementor-shape-fill\" d=\"M790.5,93.1c-59.3-5.3-116.8-18-192.6-50c-29.6-12.7-76.9-31-100.5-35.9c-23.6-4.9-52.6-7.8-75.5-5.3\n\tc-10.2,1.1-22.6,1.4-50.1,7.4c-27.2,6.3-58.2,16.6-79.4,24.7c-41.3,15.9-94.9,21.9-134,22.6C72,58.2,0,25.8,0,25.8V100h1000V65.3\n\tc0,0-51.5,19.4-106.2,25.7C839.5,97,814.1,95.2,790.5,93.1z\"\/>\n<\/svg>\t\t<\/div>\n\t\t\t\t<div class=\"elementor-shape elementor-shape-bottom\" aria-hidden=\"true\" data-negative=\"true\">\n\t\t\t<svg xmlns=\"http:\/\/www.w3.org\/2000\/svg\" viewBox=\"0 0 1000 100\" preserveAspectRatio=\"none\">\n\t<path class=\"elementor-shape-fill\" d=\"M790.5,93.1c-59.3-5.3-116.8-18-192.6-50c-29.6-12.7-76.9-31-100.5-35.9c-23.6-4.9-52.6-7.8-75.5-5.3\n\tc-10.2,1.1-22.6,1.4-50.1,7.4c-27.2,6.3-58.2,16.6-79.4,24.7c-41.3,15.9-94.9,21.9-134,22.6C72,58.2,0,25.8,0,25.8V100h1000V65.3\n\tc0,0-51.5,19.4-106.2,25.7C839.5,97,814.1,95.2,790.5,93.1z\"\/>\n<\/svg>\t\t<\/div>\n\t\t\t\t\t<div class=\"elementor-container elementor-column-gap-no\">\n\t\t\t\t\t<div class=\"elementor-column elementor-col-100 elementor-top-column elementor-element elementor-element-284aac9e\" data-id=\"284aac9e\" data-element_type=\"column\" data-e-type=\"column\">\n\t\t\t<div class=\"elementor-widget-wrap elementor-element-populated\">\n\t\t\t\t\t\t<div class=\"elementor-element elementor-element-2e8c9b40 elementor-widget__width-initial elementor-widget elementor-widget-sina_banner_slider\" data-id=\"2e8c9b40\" data-element_type=\"widget\" data-e-type=\"widget\" data-widget_type=\"sina_banner_slider.default\">\n\t\t\t\t<div class=\"elementor-widget-container\">\n\t\t\t\t\t\t\t<div class=\"sina-banner-slider owl-carousel\"\r\n\t\tdata-autoplay=\"yes\"\r\n\t\tdata-pause=\"yes\"\r\n\t\tdata-nav=\"yes\"\r\n\t\tdata-dots=\"yes\"\r\n\t\tdata-mouse-drag=\"yes\"\r\n\t\tdata-touch-drag=\"yes\"\r\n\t\tdata-loop=\"yes\"\r\n\t\tdata-speed=\"\"\r\n\t\tdata-part-anim=\"yes\"\r\n\t\tdata-delay=\"5000\">\r\n\r\n\t\t\t\t\t\t\t<div class=\"sina-slider-content sina-bg-cover\" style=\"background-image: url(https:\/\/macro-glass.com\/wp-content\/uploads\/2025\/09\/Design-sans-titre-9.png);\">\r\n\t\t\t\t\t\r\n\t\t\t\t\t<div class=\"sina-banner-container elementor-repeater-item-dc4fb86\">\r\n\r\n\t\t\t\t\t\t\t\t\t\t\t\t\t\t\t\t\t\t\t\t<h1 class=\"sina-banner-title sina-anim-invisible\" data-animation=\"animated zoomIn\">Vizyonla \u015eekillenmi\u015f Cam<\/h1>\t\t\t\t\t\t\r\n\t\t\t\t\t\t\r\n\t\t\t\t\t\t\t\t\t\t\t\t\t<div class=\"sina-banner-desc sina-anim-invisible\" data-animation=\"animated fadeInUp\">20 y\u0131ld\u0131r, d\u00fcnya \u00e7ap\u0131nda y\u00fcksek kaliteli cam kap\u0131, pencere ve yap\u0131lar tasarl\u0131yor ve m\u00fchendisli\u011fini \u00fcstleniyoruz.<\/div>\t\t\t\t\t\t\r\n\t\t\t\t\t\t\t\t\t\t\t\t\t<div class=\"sina-banner-btns sina-anim-invisible\" data-animation=\"animated fadeInUp\">\r\n\t\t\t\t\t\t\t\t\t\t\t\t\t\t\t\t\t<a class=\"sina-banner-pbtn   \" href=\"https:\/\/api.whatsapp.com\/send\/?phone=905067470848&#038;text&#038;type=phone_number&#038;app_absent=0\" target=\"_blank\" rel=\"noopener\">\r\n\t\t\t\t\t\t\t\t\t\t\t\tGet in Touch\t\t\t\t\t\t\t\t\t\t\t<\/a>\r\n\t\t\t\t\t\t\t\t\r\n\t\t\t\t\t\t\t\t\t\t\t\t\t\t\t<\/div>\r\n\t\t\t\t\t\t\t\t\t\t\t<\/div>\r\n\t\t\t\t<\/div>\r\n\t\t\t\t\t<\/div><!-- .sina-banner-slider -->\r\n\t\t\t\t\t\t<\/div>\n\t\t\t\t<\/div>\n\t\t\t\t\t<\/div>\n\t\t<\/div>\n\t\t\t\t\t<\/div>\n\t\t<\/section>\n\t\t<div class=\"elementor-element elementor-element-ff2645c e-flex e-con-boxed e-con e-parent\" data-id=\"ff2645c\" data-element_type=\"container\" data-e-type=\"container\">\n\t\t\t\t\t<div class=\"e-con-inner\">\n\t\t\t\t<div class=\"elementor-element elementor-element-47bba58 elementor-widget elementor-widget-heading\" data-id=\"47bba58\" data-element_type=\"widget\" data-e-type=\"widget\" data-widget_type=\"heading.default\">\n\t\t\t\t<div class=\"elementor-widget-container\">\n\t\t\t\t\t<h2 class=\"elementor-heading-title elementor-size-default\"><h2 class=\"title h1\" style=\"font-family: Montserrat, sans-serif;line-height: 1.2;text-transform: uppercase;font-weight: 400;font-size: 50px;letter-spacing: 5px;text-align: center\">\n\u00dcr\u00fcnlerimiz Hakk\u0131nda<\/h2><\/h2>\t\t\t\t<\/div>\n\t\t\t\t<\/div>\n\t\t\t\t\t<\/div>\n\t\t\t\t<\/div>\n\t\t<div class=\"elementor-element elementor-element-6ddc27a e-flex e-con-boxed e-con e-parent\" data-id=\"6ddc27a\" data-element_type=\"container\" data-e-type=\"container\">\n\t\t\t\t\t<div class=\"e-con-inner\">\n\t\t\t\t<div class=\"elementor-element elementor-element-f99707a elementor-widget elementor-widget-text-editor\" data-id=\"f99707a\" data-element_type=\"widget\" data-e-type=\"widget\" data-widget_type=\"text-editor.default\">\n\t\t\t\t<div class=\"elementor-widget-container\">\n\t\t\t\t\t\t\t\t\t<p>Berrakl\u0131k, dayan\u0131kl\u0131l\u0131k ve zarafet sunuyoruz. \u00dcr\u00fcnlerimiz; kesinli\u011fe, s\u00fcrd\u00fcr\u00fclebilirli\u011fe ve zamans\u0131z tasar\u0131ma de\u011fer verenler i\u00e7in m\u00fchendisle \u00fcretilmi\u015ftir. \u015e\u0131k \u00e7er\u00e7evesiz kap\u0131lardan ve enerji verimli pencerelerden, \u00f6zel cam yap\u0131lara kadar, yenilik\u00e7i teknolojiyi zanaatk\u00e2r bir detay anlay\u0131\u015f\u0131yla harmanlayan u\u00e7tan uca \u00e7\u00f6z\u00fcmler sa\u011fl\u0131yoruz. Her bir par\u00e7a, \u0131\u015f\u0131\u011f\u0131 atmosfere, mekanlar\u0131 ise deneyimlere d\u00f6n\u00fc\u015ft\u00fcrmek i\u00e7in in\u015fa edilmi\u015ftir.<\/p>\t\t\t\t\t\t\t\t<\/div>\n\t\t\t\t<\/div>\n\t\t\t\t\t<\/div>\n\t\t\t\t<\/div>\n\t\t<div class=\"elementor-element elementor-element-4ac916d e-flex e-con-boxed e-con e-parent\" data-id=\"4ac916d\" data-element_type=\"container\" data-e-type=\"container\">\n\t\t\t\t\t<div class=\"e-con-inner\">\n\t\t<div class=\"elementor-element elementor-element-f884b2a e-con-full e-flex e-con e-child\" data-id=\"f884b2a\" data-element_type=\"container\" data-e-type=\"container\">\n\t\t\t\t<div class=\"elementor-element elementor-element-a714c08 elementor-position-top elementor-widget elementor-widget-image-box\" data-id=\"a714c08\" data-element_type=\"widget\" data-e-type=\"widget\" data-widget_type=\"image-box.default\">\n\t\t\t\t<div class=\"elementor-widget-container\">\n\t\t\t\t\t<div class=\"elementor-image-box-wrapper\"><figure class=\"elementor-image-box-img\"><img decoding=\"async\" width=\"42\" height=\"66\" src=\"https:\/\/macro-glass.com\/wp-content\/uploads\/2025\/09\/Group_131.svg\" class=\"attachment-full size-full wp-image-928\" alt=\"\" \/><\/figure><div class=\"elementor-image-box-content\"><h3 class=\"elementor-image-box-title\">Giri\u015f Kap\u0131lar\u0131<\/h3><p class=\"elementor-image-box-description\">Zamans\u0131z bir giri\u015f ifadesi i\u00e7in zarafeti, dayan\u0131kl\u0131l\u0131\u011f\u0131 ve \u0131\u015f\u0131\u011f\u0131 birle\u015ftiren, \u00f6zenle i\u015flenmi\u015f cam kap\u0131lar. Etkilemek ve kal\u0131c\u0131 olmak i\u00e7in hassasiyetle \u00fcretilmi\u015ftir.\u200b<\/p><\/div><\/div>\t\t\t\t<\/div>\n\t\t\t\t<\/div>\n\t\t\t\t<\/div>\n\t\t<div class=\"elementor-element elementor-element-ed0dd6b e-con-full e-flex e-con e-child\" data-id=\"ed0dd6b\" data-element_type=\"container\" data-e-type=\"container\">\n\t\t\t\t<div class=\"elementor-element elementor-element-bc6b090 elementor-position-top elementor-widget elementor-widget-image-box\" data-id=\"bc6b090\" data-element_type=\"widget\" data-e-type=\"widget\" data-widget_type=\"image-box.default\">\n\t\t\t\t<div class=\"elementor-widget-container\">\n\t\t\t\t\t<div class=\"elementor-image-box-wrapper\"><figure class=\"elementor-image-box-img\"><img decoding=\"async\" width=\"52\" height=\"65\" src=\"https:\/\/macro-glass.com\/wp-content\/uploads\/2025\/09\/Group_133.svg\" class=\"attachment-full size-full wp-image-927\" alt=\"\" \/><\/figure><div class=\"elementor-image-box-content\"><h3 class=\"elementor-image-box-title\">Pencereler<\/h3><p class=\"elementor-image-box-description\">Havaland\u0131rma ve stil i\u00e7in \u00e7ift i\u015flevsellik sunan, \u00e7ok y\u00f6nl\u00fc pencereler. G\u00fcvenli, modern ve her bina i\u00e7in yer kazand\u0131ran tasar\u0131m.<\/p><\/div><\/div>\t\t\t\t<\/div>\n\t\t\t\t<\/div>\n\t\t\t\t<\/div>\n\t\t<div class=\"elementor-element elementor-element-5985849 e-con-full e-flex e-con e-child\" data-id=\"5985849\" data-element_type=\"container\" data-e-type=\"container\">\n\t\t\t\t<div class=\"elementor-element elementor-element-7c6062d elementor-widget__width-initial elementor-position-top elementor-widget elementor-widget-image-box\" data-id=\"7c6062d\" data-element_type=\"widget\" data-e-type=\"widget\" data-widget_type=\"image-box.default\">\n\t\t\t\t<div class=\"elementor-widget-container\">\n\t\t\t\t\t<div class=\"elementor-image-box-wrapper\"><figure class=\"elementor-image-box-img\"><img decoding=\"async\" width=\"83\" height=\"65\" src=\"https:\/\/macro-glass.com\/wp-content\/uploads\/2025\/09\/Group_135.svg\" class=\"attachment-full size-full wp-image-926\" alt=\"\" \/><\/figure><div class=\"elementor-image-box-content\"><h3 class=\"elementor-image-box-title\">S\u00fcrme Pencereler<\/h3><p class=\"elementor-image-box-description\">\u015e\u0131k, yer kazand\u0131ran tasar\u0131m. Modern zarafet ve kesintisiz d\u0131\u015f manzara ile zahmetsiz kullan\u0131m.\u200b<\/p><\/div><\/div>\t\t\t\t<\/div>\n\t\t\t\t<\/div>\n\t\t\t\t<\/div>\n\t\t<div class=\"elementor-element elementor-element-890c247 e-con-full e-flex e-con e-child\" data-id=\"890c247\" data-element_type=\"container\" data-e-type=\"container\">\n\t\t\t\t<div class=\"elementor-element elementor-element-456d5c7 elementor-position-top elementor-widget elementor-widget-image-box\" data-id=\"456d5c7\" data-element_type=\"widget\" data-e-type=\"widget\" data-widget_type=\"image-box.default\">\n\t\t\t\t<div class=\"elementor-widget-container\">\n\t\t\t\t\t<div class=\"elementor-image-box-wrapper\"><figure class=\"elementor-image-box-img\"><img loading=\"lazy\" decoding=\"async\" width=\"65\" height=\"65\" src=\"https:\/\/macro-glass.com\/wp-content\/uploads\/2025\/09\/Group_145.svg\" class=\"attachment-full size-full wp-image-925\" alt=\"\" \/><\/figure><div class=\"elementor-image-box-content\"><h3 class=\"elementor-image-box-title\">\u00c7ok Kanatl\u0131 S\u00fcrme Pencere<\/h3><p class=\"elementor-image-box-description\"> Geni\u015f zarif a\u00e7\u0131l\u0131\u015f, kesintisiz i\u00e7-d\u0131\u015f ya\u015fam alanlar\u0131 ve engin manzaralar i\u00e7in yumu\u015fak, \u00e7ok kanatl\u0131 s\u00fcrme sistemi.\u200b<\/p><\/div><\/div>\t\t\t\t<\/div>\n\t\t\t\t<\/div>\n\t\t\t\t<\/div>\n\t\t<div class=\"elementor-element elementor-element-58d3eb1 e-con-full e-flex e-con e-child\" data-id=\"58d3eb1\" data-element_type=\"container\" data-e-type=\"container\">\n\t\t\t\t<div class=\"elementor-element elementor-element-8458e69 elementor-position-top elementor-widget elementor-widget-image-box\" data-id=\"8458e69\" data-element_type=\"widget\" data-e-type=\"widget\" data-widget_type=\"image-box.default\">\n\t\t\t\t<div class=\"elementor-widget-container\">\n\t\t\t\t\t<div class=\"elementor-image-box-wrapper\"><figure class=\"elementor-image-box-img\"><img loading=\"lazy\" decoding=\"async\" width=\"53\" height=\"65\" src=\"https:\/\/macro-glass.com\/wp-content\/uploads\/2025\/09\/Group_143.svg\" class=\"attachment-full size-full wp-image-924\" alt=\"\" \/><\/figure><div class=\"elementor-image-box-content\"><h3 class=\"elementor-image-box-title\">\u00c7at\u0131 Penceresi<\/h3><p class=\"elementor-image-box-description\">Do\u011fal \u0131\u015f\u0131\u011f\u0131 \u00fcst\u00fcn\u00fczden davet edin. Daha ayd\u0131nl\u0131k ve ferah i\u00e7 mekanlar i\u00e7in zarif, i\u015flevsel pencereler.\u200b<\/p><\/div><\/div>\t\t\t\t<\/div>\n\t\t\t\t<\/div>\n\t\t\t\t<\/div>\n\t\t<div class=\"elementor-element elementor-element-2fe7f1f e-con-full e-flex e-con e-child\" data-id=\"2fe7f1f\" data-element_type=\"container\" data-e-type=\"container\">\n\t\t\t\t<div class=\"elementor-element elementor-element-28f9ce9 elementor-position-top elementor-widget elementor-widget-image-box\" data-id=\"28f9ce9\" data-element_type=\"widget\" data-e-type=\"widget\" data-widget_type=\"image-box.default\">\n\t\t\t\t<div class=\"elementor-widget-container\">\n\t\t\t\t\t<div class=\"elementor-image-box-wrapper\"><figure class=\"elementor-image-box-img\"><img loading=\"lazy\" decoding=\"async\" width=\"95\" height=\"65\" src=\"https:\/\/macro-glass.com\/wp-content\/uploads\/2025\/09\/Group_147.svg\" class=\"attachment-full size-full wp-image-923\" alt=\"\" \/><\/figure><div class=\"elementor-image-box-content\"><h3 class=\"elementor-image-box-title\">Penceresi<\/h3><p class=\"elementor-image-box-description\">Zarif \u00fcst \u0131\u015f\u0131k. Zamans\u0131z transom pencere tasar\u0131mlar\u0131 ile mekana ve stile de\u011fer kat\u0131n.<\/p><\/div><\/div>\t\t\t\t<\/div>\n\t\t\t\t<\/div>\n\t\t\t\t<\/div>\n\t\t\t\t\t<\/div>\n\t\t\t\t<\/div>\n\t\t<div class=\"elementor-element elementor-element-cefbe55 e-flex e-con-boxed e-con e-parent\" data-id=\"cefbe55\" data-element_type=\"container\" data-e-type=\"container\">\n\t\t\t\t\t<div class=\"e-con-inner\">\n\t\t<div class=\"elementor-element elementor-element-94edcbb e-con-full e-flex e-con e-child\" data-id=\"94edcbb\" data-element_type=\"container\" data-e-type=\"container\">\n\t\t\t\t<div class=\"elementor-element elementor-element-c557d39 elementor-widget elementor-widget-image\" data-id=\"c557d39\" data-element_type=\"widget\" data-e-type=\"widget\" data-widget_type=\"image.default\">\n\t\t\t\t<div class=\"elementor-widget-container\">\n\t\t\t\t\t\t\t\t\t\t\t\t\t\t\t<img loading=\"lazy\" decoding=\"async\" width=\"840\" height=\"750\" src=\"https:\/\/macro-glass.com\/wp-content\/uploads\/2025\/09\/22-1.webp\" class=\"attachment-large size-large wp-image-965\" alt=\"\" srcset=\"https:\/\/macro-glass.com\/wp-content\/uploads\/2025\/09\/22-1.webp 840w, https:\/\/macro-glass.com\/wp-content\/uploads\/2025\/09\/22-1-300x268.webp 300w, https:\/\/macro-glass.com\/wp-content\/uploads\/2025\/09\/22-1-768x686.webp 768w, https:\/\/macro-glass.com\/wp-content\/uploads\/2025\/09\/22-1-600x536.webp 600w\" sizes=\"(max-width: 840px) 100vw, 840px\" \/>\t\t\t\t\t\t\t\t\t\t\t\t\t\t\t<\/div>\n\t\t\t\t<\/div>\n\t\t\t\t<\/div>\n\t\t<div class=\"elementor-element elementor-element-417c0c3 e-con-full e-flex e-con e-child\" data-id=\"417c0c3\" data-element_type=\"container\" data-e-type=\"container\">\n\t\t\t\t<div class=\"elementor-element elementor-element-15cc558 elementor-widget elementor-widget-heading\" data-id=\"15cc558\" data-element_type=\"widget\" data-e-type=\"widget\" data-widget_type=\"heading.default\">\n\t\t\t\t<div class=\"elementor-widget-container\">\n\t\t\t\t\t<h2 class=\"elementor-heading-title elementor-size-default\">Vizyonunuzu Berrakla\u015ft\u0131rmaya Haz\u0131r m\u0131s\u0131n\u0131z?<\/h2>\t\t\t\t<\/div>\n\t\t\t\t<\/div>\n\t\t\t\t<div class=\"elementor-element elementor-element-d9d6e87 elementor-widget elementor-widget-button\" data-id=\"d9d6e87\" data-element_type=\"widget\" data-e-type=\"widget\" data-widget_type=\"button.default\">\n\t\t\t\t<div class=\"elementor-widget-container\">\n\t\t\t\t\t\t\t\t\t<div class=\"elementor-button-wrapper\">\n\t\t\t\t\t<a class=\"elementor-button elementor-button-link elementor-size-sm\" href=\"https:\/\/api.whatsapp.com\/send\/?phone=905067470848&#038;text&#038;type=phone_number&#038;app_absent=0\" target=\"_blank\" rel=\"noopener\">\n\t\t\t\t\t\t<span class=\"elementor-button-content-wrapper\">\n\t\t\t\t\t\t\t\t\t<span class=\"elementor-button-text\">Projenize Bug\u00fcn Ba\u015flay\u0131n<\/span>\n\t\t\t\t\t<\/span>\n\t\t\t\t\t<\/a>\n\t\t\t\t<\/div>\n\t\t\t\t\t\t\t\t<\/div>\n\t\t\t\t<\/div>\n\t\t\t\t<div class=\"elementor-element elementor-element-9281c8d elementor-widget elementor-widget-text-editor\" data-id=\"9281c8d\" data-element_type=\"widget\" data-e-type=\"widget\" data-widget_type=\"text-editor.default\">\n\t\t\t\t<div class=\"elementor-widget-container\">\n\t\t\t\t\t\t\t\t\t<p>20 y\u0131l\u0131 a\u015fk\u0131n s\u00fcredir, Macro Glass Cam olarak, mimarlar, tasar\u0131mc\u0131lar ve ev sahipleriyle i\u015f birli\u011fi yaparak yenilik\u00e7i fikirleri, nefes kesen ger\u00e7eklere d\u00f6n\u00fc\u015ft\u00fcr\u00fcyoruz.<\/p><p><strong>\u0130ster \u00e7arp\u0131c\u0131 bir giri\u015f, ister ayd\u0131nl\u0131k bir ya\u015fam alan\u0131, isterse tamamen cam bir yap\u0131 hayal edin, bunu ger\u00e7ekle\u015ftirmek i\u00e7in gereken uzmanl\u0131\u011f\u0131, kaliteyi ve yarat\u0131c\u0131l\u0131\u011f\u0131 sa\u011fl\u0131yoruz.<\/strong><\/p><p>Gelin birlikte, \u015feffaf g\u00fczellikte ya\u015fam alanlar\u0131 in\u015fa edelim.<\/p>\t\t\t\t\t\t\t\t<\/div>\n\t\t\t\t<\/div>\n\t\t\t\t<\/div>\n\t\t\t\t\t<\/div>\n\t\t\t\t<\/div>\n\t\t\t\t<section class=\"elementor-section elementor-top-section elementor-element elementor-element-554ba6bc elementor-section-full_width elementor-section-stretched elementor-section-height-default elementor-section-height-default\" data-id=\"554ba6bc\" data-element_type=\"section\" data-e-type=\"section\" data-settings=\"{&quot;stretch_section&quot;:&quot;section-stretched&quot;}\">\n\t\t\t\t\t\t<div class=\"elementor-container elementor-column-gap-no\">\n\t\t\t\t\t<div class=\"elementor-column elementor-col-100 elementor-top-column elementor-element elementor-element-5fe5c8ae\" data-id=\"5fe5c8ae\" data-element_type=\"column\" data-e-type=\"column\">\n\t\t\t<div class=\"elementor-widget-wrap\">\n\t\t\t\t\t\t\t<\/div>\n\t\t<\/div>\n\t\t\t\t\t<\/div>\n\t\t<\/section>\n\t\t\t\t<\/div>\n\t\t","protected":false},"excerpt":{"rendered":"<p>Vizyonla \u015eekillenmi\u015f Cam 20 y\u0131ld\u0131r, d\u00fcnya \u00e7ap\u0131nda y\u00fcksek kaliteli cam kap\u0131, pencere ve yap\u0131lar tasarl\u0131yor ve m\u00fchendisli\u011fini \u00fcstleniyoruz. Get in Touch \u00dcr\u00fcnlerimiz Hakk\u0131nda Berrakl\u0131k, dayan\u0131kl\u0131l\u0131k ve zarafet sunuyoruz. \u00dcr\u00fcnlerimiz; kesinli\u011fe, s\u00fcrd\u00fcr\u00fclebilirli\u011fe ve zamans\u0131z tasar\u0131ma de\u011fer verenler i\u00e7in m\u00fchendisle \u00fcretilmi\u015ftir. \u015e\u0131k \u00e7er\u00e7evesiz kap\u0131lardan ve enerji verimli pencerelerden, \u00f6zel cam yap\u0131lara kadar, yenilik\u00e7i teknolojiyi zanaatk\u00e2r bir detay&#8230;<\/p>\n","protected":false},"author":1,"featured_media":0,"parent":0,"menu_order":0,"comment_status":"closed","ping_status":"closed","template":"","meta":{"_kadence_starter_templates_imported_post":false,"_kad_post_transparent":"","_kad_post_title":"hide","_kad_post_layout":"fullwidth","_kad_post_sidebar_id":"","_kad_post_content_style":"unboxed","_kad_post_vertical_padding":"hide","_kad_post_feature":"hide","_kad_post_feature_position":"","_kad_post_header":false,"_kad_post_footer":false,"footnotes":""},"class_list":["post-95","page","type-page","status-publish","hentry"],"_hostinger_reach_plugin_has_subscription_block":false,"_hostinger_reach_plugin_is_elementor":false,"_links":{"self":[{"href":"https:\/\/macro-glass.com\/index.php\/wp-json\/wp\/v2\/pages\/95","targetHints":{"allow":["GET"]}}],"collection":[{"href":"https:\/\/macro-glass.com\/index.php\/wp-json\/wp\/v2\/pages"}],"about":[{"href":"https:\/\/macro-glass.com\/index.php\/wp-json\/wp\/v2\/types\/page"}],"author":[{"embeddable":true,"href":"https:\/\/macro-glass.com\/index.php\/wp-json\/wp\/v2\/users\/1"}],"replies":[{"embeddable":true,"href":"https:\/\/macro-glass.com\/index.php\/wp-json\/wp\/v2\/comments?post=95"}],"version-history":[{"count":91,"href":"https:\/\/macro-glass.com\/index.php\/wp-json\/wp\/v2\/pages\/95\/revisions"}],"predecessor-version":[{"id":1299,"href":"https:\/\/macro-glass.com\/index.php\/wp-json\/wp\/v2\/pages\/95\/revisions\/1299"}],"wp:attachment":[{"href":"https:\/\/macro-glass.com\/index.php\/wp-json\/wp\/v2\/media?parent=95"}],"curies":[{"name":"wp","href":"https:\/\/api.w.org\/{rel}","templated":true}]}}