{"id":208,"date":"2023-11-13T18:37:58","date_gmt":"2023-11-13T15:37:58","guid":{"rendered":"https:\/\/macro-glass.com\/?page_id=208"},"modified":"2025-12-19T13:04:34","modified_gmt":"2025-12-19T10:04:34","slug":"projeler","status":"publish","type":"page","link":"https:\/\/macro-glass.com\/index.php\/projeler\/","title":{"rendered":"Projeler"},"content":{"rendered":"\t\t<div data-elementor-type=\"wp-page\" data-elementor-id=\"208\" class=\"elementor elementor-208\">\n\t\t\t\t\t\t<section class=\"elementor-section elementor-top-section elementor-element elementor-element-40fa6e07 elementor-section-full_width elementor-section-stretched elementor-section-height-default elementor-section-height-default\" data-id=\"40fa6e07\" data-element_type=\"section\" data-e-type=\"section\" data-settings=\"{&quot;stretch_section&quot;:&quot;section-stretched&quot;}\">\n\t\t\t\t\t\t<div class=\"elementor-container elementor-column-gap-no\">\n\t\t\t\t\t<div class=\"elementor-column elementor-col-100 elementor-top-column elementor-element elementor-element-21f857e\" data-id=\"21f857e\" data-element_type=\"column\" data-e-type=\"column\">\n\t\t\t<div class=\"elementor-widget-wrap elementor-element-populated\">\n\t\t\t\t\t\t<div class=\"elementor-element elementor-element-6aecfca elementor-widget elementor-widget-sina_banner_slider\" data-id=\"6aecfca\" data-element_type=\"widget\" data-e-type=\"widget\" data-widget_type=\"sina_banner_slider.default\">\n\t\t\t\t<div class=\"elementor-widget-container\">\n\t\t\t\t\t\t\t<div class=\"sina-banner-slider owl-carousel\"\r\n\t\tdata-autoplay=\"yes\"\r\n\t\tdata-pause=\"yes\"\r\n\t\tdata-nav=\"yes\"\r\n\t\tdata-dots=\"yes\"\r\n\t\tdata-mouse-drag=\"yes\"\r\n\t\tdata-touch-drag=\"yes\"\r\n\t\tdata-loop=\"yes\"\r\n\t\tdata-speed=\"\"\r\n\t\tdata-part-anim=\"yes\"\r\n\t\tdata-delay=\"5000\">\r\n\r\n\t\t\t\t\t\t\t<div class=\"sina-slider-content sina-bg-cover\" style=\"background-image: url(https:\/\/macro-glass.com\/wp-content\/uploads\/2025\/09\/slide-bg2.png);\">\r\n\t\t\t\t\t\t\t\t\t\t\t<div class=\"sina-overlay\"><\/div>\r\n\t\t\t\t\t\r\n\t\t\t\t\t<div class=\"sina-banner-container elementor-repeater-item-dc4fb86\">\r\n\r\n\t\t\t\t\t\t\t\t\t\t\t\t\t\t\t\t\t\t\t\t<h1 class=\"sina-banner-title sina-anim-invisible\" data-animation=\"animated zoomIn\">Projelerimizi Buradan \u0130nceleyebilir<\/h1>\t\t\t\t\t\t\r\n\t\t\t\t\t\t\r\n\t\t\t\t\t\t\t\t\t\t\t\t\t<div class=\"sina-banner-desc sina-anim-invisible\" data-animation=\"animated fadeInUp\">\u015eipari\u015f Verebilir \u00d6zel Tasar\u0131mlar\u0131n\u0131z \u0130\u00e7in Teklif Alabilirsiniz.<\/div>\t\t\t\t\t\t\r\n\t\t\t\t\t\t\t\t\t\t\t\t\t<div class=\"sina-banner-btns sina-anim-invisible\" data-animation=\"animated fadeInUp\">\r\n\t\t\t\t\t\t\t\t\t\t\t\t\t\t\t\t\t<a class=\"sina-banner-pbtn   \" href=\"https:\/\/api.whatsapp.com\/send\/?phone=905322876401\" target=\"_blank\" rel=\"noopener\">\r\n\t\t\t\t\t\t\t\t\t\t\t\tDaha Fazla Bilgi\t\t\t\t\t\t\t\t\t\t\t<\/a>\r\n\t\t\t\t\t\t\t\t\r\n\t\t\t\t\t\t\t\t\t\t\t\t\t\t\t<\/div>\r\n\t\t\t\t\t\t\t\t\t\t\t<\/div>\r\n\t\t\t\t<\/div>\r\n\t\t\t\t\t<\/div><!-- .sina-banner-slider -->\r\n\t\t\t\t\t\t<\/div>\n\t\t\t\t<\/div>\n\t\t\t\t\t<\/div>\n\t\t<\/div>\n\t\t\t\t\t<\/div>\n\t\t<\/section>\n\t\t<div class=\"elementor-element elementor-element-92723b5 e-flex e-con-boxed e-con e-parent\" data-id=\"92723b5\" data-element_type=\"container\" data-e-type=\"container\">\n\t\t\t\t\t<div class=\"e-con-inner\">\n\t\t\t\t<div class=\"elementor-element elementor-element-be44571 elementor-widget elementor-widget-heading\" data-id=\"be44571\" data-element_type=\"widget\" data-e-type=\"widget\" data-widget_type=\"heading.default\">\n\t\t\t\t<div class=\"elementor-widget-container\">\n\t\t\t\t\t<h2 class=\"elementor-heading-title elementor-size-default\">\u00d6zel Cam Pencereler ve Kap\u0131lar<\/h2>\t\t\t\t<\/div>\n\t\t\t\t<\/div>\n\t\t\t\t\t<\/div>\n\t\t\t\t<\/div>\n\t\t<div class=\"elementor-element elementor-element-360a025 e-flex e-con-boxed e-con e-parent\" data-id=\"360a025\" data-element_type=\"container\" data-e-type=\"container\">\n\t\t\t\t\t<div class=\"e-con-inner\">\n\t\t\t\t<div class=\"elementor-element elementor-element-7204a93 elementor-widget elementor-widget-text-editor\" data-id=\"7204a93\" data-element_type=\"widget\" data-e-type=\"widget\" data-widget_type=\"text-editor.default\">\n\t\t\t\t<div class=\"elementor-widget-container\">\n\t\t\t\t\t\t\t\t\t<p>Alan\u0131n\u0131z\u0131, stil, i\u015flevsellik ve enerji verimlili\u011fini m\u00fckemmel bir \u015fekilde birle\u015ftiren \u00f6zel tasar\u0131m cam pencereler ve kap\u0131lar\u0131m\u0131zla geli\u015ftirin.<\/p>\t\t\t\t\t\t\t\t<\/div>\n\t\t\t\t<\/div>\n\t\t\t\t\t<\/div>\n\t\t\t\t<\/div>\n\t\t<div class=\"elementor-element elementor-element-ef312ed e-grid e-con-boxed e-con e-parent\" data-id=\"ef312ed\" data-element_type=\"container\" data-e-type=\"container\">\n\t\t\t\t\t<div class=\"e-con-inner\">\n\t\t\t\t<div class=\"elementor-element elementor-element-1a16c8c elementor-position-top elementor-widget elementor-widget-image-box\" data-id=\"1a16c8c\" data-element_type=\"widget\" data-e-type=\"widget\" data-widget_type=\"image-box.default\">\n\t\t\t\t<div class=\"elementor-widget-container\">\n\t\t\t\t\t<div class=\"elementor-image-box-wrapper\"><figure class=\"elementor-image-box-img\"><img fetchpriority=\"high\" decoding=\"async\" width=\"500\" height=\"500\" src=\"https:\/\/macro-glass.com\/wp-content\/uploads\/2025\/09\/3-3.png\" class=\"attachment-full size-full wp-image-1258\" alt=\"\" srcset=\"https:\/\/macro-glass.com\/wp-content\/uploads\/2025\/09\/3-3.png 500w, https:\/\/macro-glass.com\/wp-content\/uploads\/2025\/09\/3-3-300x300.png 300w, https:\/\/macro-glass.com\/wp-content\/uploads\/2025\/09\/3-3-150x150.png 150w, https:\/\/macro-glass.com\/wp-content\/uploads\/2025\/09\/3-3-100x100.png 100w\" sizes=\"(max-width: 500px) 100vw, 500px\" \/><\/figure><div class=\"elementor-image-box-content\"><h3 class=\"elementor-image-box-title\">Ceci est le titre<\/h3><p class=\"elementor-image-box-description\">Lorem ipsum dolor sit amet, consectetur adipiscing elit. Ut elit tellus, luctus nec ullamcorper mattis, pulvinar dapibus leo.<\/p><\/div><\/div>\t\t\t\t<\/div>\n\t\t\t\t<\/div>\n\t\t\t\t<div class=\"elementor-element elementor-element-12f1f8c elementor-position-top elementor-widget elementor-widget-image-box\" data-id=\"12f1f8c\" data-element_type=\"widget\" data-e-type=\"widget\" data-widget_type=\"image-box.default\">\n\t\t\t\t<div class=\"elementor-widget-container\">\n\t\t\t\t\t<div class=\"elementor-image-box-wrapper\"><figure class=\"elementor-image-box-img\"><img decoding=\"async\" width=\"500\" height=\"500\" src=\"https:\/\/macro-glass.com\/wp-content\/uploads\/2025\/09\/6.png\" class=\"attachment-full size-full wp-image-1253\" alt=\"\" srcset=\"https:\/\/macro-glass.com\/wp-content\/uploads\/2025\/09\/6.png 500w, https:\/\/macro-glass.com\/wp-content\/uploads\/2025\/09\/6-300x300.png 300w, https:\/\/macro-glass.com\/wp-content\/uploads\/2025\/09\/6-150x150.png 150w, https:\/\/macro-glass.com\/wp-content\/uploads\/2025\/09\/6-100x100.png 100w\" sizes=\"(max-width: 500px) 100vw, 500px\" \/><\/figure><div class=\"elementor-image-box-content\"><h3 class=\"elementor-image-box-title\">Ceci est le titre<\/h3><p class=\"elementor-image-box-description\">Lorem ipsum dolor sit amet, consectetur adipiscing elit. Ut elit tellus, luctus nec ullamcorper mattis, pulvinar dapibus leo.<\/p><\/div><\/div>\t\t\t\t<\/div>\n\t\t\t\t<\/div>\n\t\t\t\t<div class=\"elementor-element elementor-element-0130920 elementor-position-top elementor-widget elementor-widget-image-box\" data-id=\"0130920\" data-element_type=\"widget\" data-e-type=\"widget\" data-widget_type=\"image-box.default\">\n\t\t\t\t<div class=\"elementor-widget-container\">\n\t\t\t\t\t<div class=\"elementor-image-box-wrapper\"><figure class=\"elementor-image-box-img\"><img decoding=\"async\" width=\"500\" height=\"500\" src=\"https:\/\/macro-glass.com\/wp-content\/uploads\/2025\/09\/1-1.png\" class=\"attachment-full size-full wp-image-1256\" alt=\"\" srcset=\"https:\/\/macro-glass.com\/wp-content\/uploads\/2025\/09\/1-1.png 500w, https:\/\/macro-glass.com\/wp-content\/uploads\/2025\/09\/1-1-300x300.png 300w, https:\/\/macro-glass.com\/wp-content\/uploads\/2025\/09\/1-1-150x150.png 150w, https:\/\/macro-glass.com\/wp-content\/uploads\/2025\/09\/1-1-100x100.png 100w\" sizes=\"(max-width: 500px) 100vw, 500px\" \/><\/figure><div class=\"elementor-image-box-content\"><h3 class=\"elementor-image-box-title\">Ceci est le titre<\/h3><p class=\"elementor-image-box-description\">Lorem ipsum dolor sit amet, consectetur adipiscing elit. Ut elit tellus, luctus nec ullamcorper mattis, pulvinar dapibus leo.<\/p><\/div><\/div>\t\t\t\t<\/div>\n\t\t\t\t<\/div>\n\t\t\t\t<div class=\"elementor-element elementor-element-489f534 elementor-position-top elementor-widget elementor-widget-image-box\" data-id=\"489f534\" data-element_type=\"widget\" data-e-type=\"widget\" data-widget_type=\"image-box.default\">\n\t\t\t\t<div class=\"elementor-widget-container\">\n\t\t\t\t\t<div class=\"elementor-image-box-wrapper\"><figure class=\"elementor-image-box-img\"><img loading=\"lazy\" decoding=\"async\" width=\"500\" height=\"500\" src=\"https:\/\/macro-glass.com\/wp-content\/uploads\/2025\/09\/2-2.png\" class=\"attachment-full size-full wp-image-1262\" alt=\"\" srcset=\"https:\/\/macro-glass.com\/wp-content\/uploads\/2025\/09\/2-2.png 500w, https:\/\/macro-glass.com\/wp-content\/uploads\/2025\/09\/2-2-300x300.png 300w, https:\/\/macro-glass.com\/wp-content\/uploads\/2025\/09\/2-2-150x150.png 150w, https:\/\/macro-glass.com\/wp-content\/uploads\/2025\/09\/2-2-100x100.png 100w\" sizes=\"(max-width: 500px) 100vw, 500px\" \/><\/figure><div class=\"elementor-image-box-content\"><h3 class=\"elementor-image-box-title\">Ceci est le titre<\/h3><p class=\"elementor-image-box-description\">Lorem ipsum dolor sit amet, consectetur adipiscing elit. Ut elit tellus, luctus nec ullamcorper mattis, pulvinar dapibus leo.<\/p><\/div><\/div>\t\t\t\t<\/div>\n\t\t\t\t<\/div>\n\t\t\t\t<div class=\"elementor-element elementor-element-e01f397 elementor-position-top elementor-widget elementor-widget-image-box\" data-id=\"e01f397\" data-element_type=\"widget\" data-e-type=\"widget\" data-widget_type=\"image-box.default\">\n\t\t\t\t<div class=\"elementor-widget-container\">\n\t\t\t\t\t<div class=\"elementor-image-box-wrapper\"><figure class=\"elementor-image-box-img\"><img loading=\"lazy\" decoding=\"async\" width=\"500\" height=\"500\" src=\"https:\/\/macro-glass.com\/wp-content\/uploads\/2025\/09\/4-1.png\" class=\"attachment-full size-full wp-image-1259\" alt=\"\" srcset=\"https:\/\/macro-glass.com\/wp-content\/uploads\/2025\/09\/4-1.png 500w, https:\/\/macro-glass.com\/wp-content\/uploads\/2025\/09\/4-1-300x300.png 300w, https:\/\/macro-glass.com\/wp-content\/uploads\/2025\/09\/4-1-150x150.png 150w, https:\/\/macro-glass.com\/wp-content\/uploads\/2025\/09\/4-1-100x100.png 100w\" sizes=\"(max-width: 500px) 100vw, 500px\" \/><\/figure><div class=\"elementor-image-box-content\"><h3 class=\"elementor-image-box-title\">Ceci est le titre<\/h3><p class=\"elementor-image-box-description\">Lorem ipsum dolor sit amet, consectetur adipiscing elit. Ut elit tellus, luctus nec ullamcorper mattis, pulvinar dapibus leo.<\/p><\/div><\/div>\t\t\t\t<\/div>\n\t\t\t\t<\/div>\n\t\t\t\t<div class=\"elementor-element elementor-element-0ef355a elementor-position-top elementor-widget elementor-widget-image-box\" data-id=\"0ef355a\" data-element_type=\"widget\" data-e-type=\"widget\" data-widget_type=\"image-box.default\">\n\t\t\t\t<div class=\"elementor-widget-container\">\n\t\t\t\t\t<div class=\"elementor-image-box-wrapper\"><figure class=\"elementor-image-box-img\"><img loading=\"lazy\" decoding=\"async\" width=\"500\" height=\"500\" src=\"https:\/\/macro-glass.com\/wp-content\/uploads\/2025\/09\/5-1.png\" class=\"attachment-full size-full wp-image-1260\" alt=\"\" srcset=\"https:\/\/macro-glass.com\/wp-content\/uploads\/2025\/09\/5-1.png 500w, https:\/\/macro-glass.com\/wp-content\/uploads\/2025\/09\/5-1-300x300.png 300w, https:\/\/macro-glass.com\/wp-content\/uploads\/2025\/09\/5-1-150x150.png 150w, https:\/\/macro-glass.com\/wp-content\/uploads\/2025\/09\/5-1-100x100.png 100w\" sizes=\"(max-width: 500px) 100vw, 500px\" \/><\/figure><div class=\"elementor-image-box-content\"><h3 class=\"elementor-image-box-title\">Ceci est le titre<\/h3><p class=\"elementor-image-box-description\">Lorem ipsum dolor sit amet, consectetur adipiscing elit. Ut elit tellus, luctus nec ullamcorper mattis, pulvinar dapibus leo.<\/p><\/div><\/div>\t\t\t\t<\/div>\n\t\t\t\t<\/div>\n\t\t\t\t\t<\/div>\n\t\t\t\t<\/div>\n\t\t\t\t<\/div>\n\t\t","protected":false},"excerpt":{"rendered":"<p>Projelerimizi Buradan \u0130nceleyebilir \u015eipari\u015f Verebilir \u00d6zel Tasar\u0131mlar\u0131n\u0131z \u0130\u00e7in Teklif Alabilirsiniz. Daha Fazla Bilgi \u00d6zel Cam Pencereler ve Kap\u0131lar Alan\u0131n\u0131z\u0131, stil, i\u015flevsellik ve enerji verimlili\u011fini m\u00fckemmel bir \u015fekilde birle\u015ftiren \u00f6zel tasar\u0131m cam pencereler ve kap\u0131lar\u0131m\u0131zla geli\u015ftirin. Ceci est le titre Lorem ipsum dolor sit amet, consectetur adipiscing elit. Ut elit tellus, luctus nec ullamcorper mattis, pulvinar&#8230;<\/p>\n","protected":false},"author":1,"featured_media":0,"parent":0,"menu_order":0,"comment_status":"closed","ping_status":"closed","template":"","meta":{"_kadence_starter_templates_imported_post":false,"_kad_post_transparent":"","_kad_post_title":"hide","_kad_post_layout":"fullwidth","_kad_post_sidebar_id":"","_kad_post_content_style":"unboxed","_kad_post_vertical_padding":"hide","_kad_post_feature":"hide","_kad_post_feature_position":"","_kad_post_header":false,"_kad_post_footer":false,"footnotes":""},"class_list":["post-208","page","type-page","status-publish","hentry"],"_hostinger_reach_plugin_has_subscription_block":false,"_hostinger_reach_plugin_is_elementor":false,"_links":{"self":[{"href":"https:\/\/macro-glass.com\/index.php\/wp-json\/wp\/v2\/pages\/208","targetHints":{"allow":["GET"]}}],"collection":[{"href":"https:\/\/macro-glass.com\/index.php\/wp-json\/wp\/v2\/pages"}],"about":[{"href":"https:\/\/macro-glass.com\/index.php\/wp-json\/wp\/v2\/types\/page"}],"author":[{"embeddable":true,"href":"https:\/\/macro-glass.com\/index.php\/wp-json\/wp\/v2\/users\/1"}],"replies":[{"embeddable":true,"href":"https:\/\/macro-glass.com\/index.php\/wp-json\/wp\/v2\/comments?post=208"}],"version-history":[{"count":160,"href":"https:\/\/macro-glass.com\/index.php\/wp-json\/wp\/v2\/pages\/208\/revisions"}],"predecessor-version":[{"id":1320,"href":"https:\/\/macro-glass.com\/index.php\/wp-json\/wp\/v2\/pages\/208\/revisions\/1320"}],"wp:attachment":[{"href":"https:\/\/macro-glass.com\/index.php\/wp-json\/wp\/v2\/media?parent=208"}],"curies":[{"name":"wp","href":"https:\/\/api.w.org\/{rel}","templated":true}]}}